{"id":216,"date":"2025-03-03T10:35:08","date_gmt":"2025-03-03T10:35:08","guid":{"rendered":"https:\/\/prudentus.fi\/?page_id=216"},"modified":"2025-03-03T12:13:27","modified_gmt":"2025-03-03T12:13:27","slug":"client-information","status":"publish","type":"page","link":"https:\/\/prudentus.fi\/fi\/client-information\/","title":{"rendered":"Tietoa asiakkaalle"},"content":{"rendered":"<div class=\"wp-block-uagb-container uagb-block-c69c4fd1 alignfull uagb-is-root-container\"><div class=\"uagb-container-inner-blocks-wrap\">\n<div class=\"wp-block-uagb-container uagb-block-42dd7f6a\">\n<ul class=\"wp-block-list\">\n<li><a href=\"https:\/\/prudentus.fi\/wp-content\/uploads\/2021\/06\/Client-Information-Pack-2021.pdf\">Client Information Pack (pdf)<\/a><\/li>\n\n\n\n<li><a href=\"https:\/\/prudentus.fi\/wp-content\/uploads\/2017\/04\/Client-Classification-Criteria.pdf\">Client Classification Criteria (pdf)<\/a><\/li>\n\n\n\n<li><a href=\"https:\/\/prudentus.fi\/wp-content\/uploads\/2021\/11\/Asiakastietopaketti-Prudentus-10-2021.pdf\">Asiakastietopaketti (pdf)<\/a><\/li>\n\n\n\n<li><a href=\"https:\/\/prudentus.fi\/wp-content\/uploads\/2017\/04\/Asiakkaiden-luokittelukriteerit.pdf\">Asiakkaiden luokittelukriteerit (pdf)<\/a><\/li>\n\n\n\n<li><a href=\"https:\/\/prudentus.fi\/wp-content\/uploads\/2018\/11\/Kulujen_vaikutus_tuottoon_sijoittajainfo.pdf\">Kulujen vaikutus tuottoon sijoittajainfo (pdf)<\/a><\/li>\n\n\n\n<li><a href=\"https:\/\/prudentus.fi\/wp-content\/uploads\/2017\/11\/Sijoituspalvelun-yleiset-ehdot.pdf\">Sijoituspalvelun yleiset ehdot (pdf)<\/a><\/li>\n\n\n\n<li><a href=\"https:\/\/prudentus.fi\/wp-content\/uploads\/2023\/07\/Sijoituspalveluyritysten-vakavaraisuusasetuksen-51-artiklan-mukaiset-tiedot-2022.pdf\">Sijoituspalveluyritysten vakavaraisuusasetuksen 51 artiklan mukaiset tiedot 2022 (pdf)<\/a><\/li>\n\n\n\n<li><a href=\"https:\/\/prudentus.fi\/wp-content\/uploads\/2018\/05\/TIETOSUOJASELOSTE.pdf\">Tietosuojaseloste (pdf)<\/a><\/li>\n<\/ul>\n<\/div>\n<\/div><\/div>","protected":false},"excerpt":{"rendered":"<p>L\u00f6yd\u00e4t asiakastietoon liittyv\u00e4t tiedostomme alta.<\/p>","protected":false},"author":4,"featured_media":237,"parent":0,"menu_order":0,"comment_status":"closed","ping_status":"closed","template":"","meta":{"_uag_custom_page_level_css":"","site-sidebar-layout":"default","site-content-layout":"","ast-site-content-layout":"default","site-content-style":"default","site-sidebar-style":"default","ast-global-header-display":"","ast-banner-title-visibility":"","ast-main-header-display":"","ast-hfb-above-header-display":"","ast-hfb-below-header-display":"","ast-hfb-mobile-header-display":"","site-post-title":"","ast-breadcrumbs-content":"","ast-featured-img":"","footer-sml-layout":"","ast-disable-related-posts":"","theme-transparent-header-meta":"","adv-header-id-meta":"","stick-header-meta":"","header-above-stick-meta":"","header-main-stick-meta":"","header-below-stick-meta":"","astra-migrate-meta-layouts":"default","ast-page-background-enabled":"default","ast-page-background-meta":{"desktop":{"background-color":"var(--ast-global-color-4)","background-image":"","background-repeat":"repeat","background-position":"center center","background-size":"auto","background-attachment":"scroll","background-type":"","background-media":"","overlay-type":"","overlay-color":"","overlay-opacity":"","overlay-gradient":""},"tablet":{"background-color":"","background-image":"","background-repeat":"repeat","background-position":"center center","background-size":"auto","background-attachment":"scroll","background-type":"","background-media":"","overlay-type":"","overlay-color":"","overlay-opacity":"","overlay-gradient":""},"mobile":{"background-color":"","background-image":"","background-repeat":"repeat","background-position":"center center","background-size":"auto","background-attachment":"scroll","background-type":"","background-media":"","overlay-type":"","overlay-color":"","overlay-opacity":"","overlay-gradient":""}},"ast-content-background-meta":{"desktop":{"background-color":"var(--ast-global-color-5)","background-image":"","background-repeat":"repeat","background-position":"center center","background-size":"auto","background-attachment":"scroll","background-type":"","background-media":"","overlay-type":"","overlay-color":"","overlay-opacity":"","overlay-gradient":""},"tablet":{"background-color":"var(--ast-global-color-5)","background-image":"","background-repeat":"repeat","background-position":"center center","background-size":"auto","background-attachment":"scroll","background-type":"","background-media":"","overlay-type":"","overlay-color":"","overlay-opacity":"","overlay-gradient":""},"mobile":{"background-color":"var(--ast-global-color-5)","background-image":"","background-repeat":"repeat","background-position":"center center","background-size":"auto","background-attachment":"scroll","background-type":"","background-media":"","overlay-type":"","overlay-color":"","overlay-opacity":"","overlay-gradient":""}},"footnotes":""},"class_list":["post-216","page","type-page","status-publish","has-post-thumbnail","hentry"],"spectra_custom_meta":{"_edit_lock":["1772802411:3"],"_edit_last":["4"],"_metaseo_metatitle":["Client Information"],"_metaseo_metadesc":["All important information for our clients can be found from here."],"_metaseo_metaspecific_keywords":[""],"_metaseo_metaopengraph-title":[""],"_metaseo_metaopengraph-desc":[""],"_metaseo_metaopengraph-image":[""],"_metaseo_metatwitter-title":[""],"_metaseo_metatwitter-desc":[""],"_metaseo_metatwitter-image":[""],"wp_metaseo_seoscore":["72"],"_thumbnail_id":["237"],"_uag_css_file_name":["uag-css-216.css"],"_uag_page_assets":["a:9:{s:3:\"css\";s:6507:\".wp-block-uagb-container.uagb-block-c69c4fd1 .uagb-container__shape-top svg{width: calc( 100% + 1.3px );}.wp-block-uagb-container.uagb-block-c69c4fd1 .uagb-container__shape.uagb-container__shape-top .uagb-container__shape-fill{fill: rgba(51,51,51,1);}.wp-block-uagb-container.uagb-block-c69c4fd1 .uagb-container__shape-bottom svg{width: calc( 100% + 1.3px );}.wp-block-uagb-container.uagb-block-c69c4fd1 .uagb-container__shape.uagb-container__shape-bottom .uagb-container__shape-fill{fill: rgba(51,51,51,1);}.wp-block-uagb-container.uagb-block-c69c4fd1 .uagb-container__video-wrap video{opacity: 1;}.wp-block-uagb-container.uagb-is-root-container .uagb-block-c69c4fd1{max-width: 100%;width: 100%;}.wp-block-uagb-container.uagb-is-root-container.alignfull.uagb-block-c69c4fd1 > .uagb-container-inner-blocks-wrap{--inner-content-custom-width: min( 100%, 1280px);max-width: var(--inner-content-custom-width);width: 100%;flex-direction: column;align-items: center;justify-content: flex-start;flex-wrap: nowrap;row-gap: 24px;column-gap: 24px;}.wp-block-uagb-container.uagb-block-c69c4fd1{box-shadow: 0px 0px   #00000070 ;padding-top: 80px;padding-bottom: 80px;padding-left: 40px;padding-right: 40px;margin-top:  !important;margin-bottom:  !important;overflow: visible;order: initial;border-color: inherit;background-color: ;;row-gap: 24px;column-gap: 24px;}.wp-block-uagb-container.uagb-block-42dd7f6a .uagb-container__shape-top svg{width: calc( 100% + 1.3px );}.wp-block-uagb-container.uagb-block-42dd7f6a .uagb-container__shape.uagb-container__shape-top .uagb-container__shape-fill{fill: rgba(51,51,51,1);}.wp-block-uagb-container.uagb-block-42dd7f6a .uagb-container__shape-bottom svg{width: calc( 100% + 1.3px );}.wp-block-uagb-container.uagb-block-42dd7f6a .uagb-container__shape.uagb-container__shape-bottom .uagb-container__shape-fill{fill: rgba(51,51,51,1);}.wp-block-uagb-container.uagb-block-42dd7f6a .uagb-container__video-wrap video{opacity: 1;}.wp-block-uagb-container.uagb-is-root-container .uagb-block-42dd7f6a{max-width: 100%;width: 100%;}.wp-block-uagb-container.uagb-is-root-container.alignfull.uagb-block-42dd7f6a > .uagb-container-inner-blocks-wrap{--inner-content-custom-width: min( 100%, 1280px);max-width: var(--inner-content-custom-width);width: 100%;flex-direction: column;align-items: center;justify-content: center;flex-wrap: nowrap;row-gap: 24px;column-gap: 24px;}.wp-block-uagb-container.uagb-block-42dd7f6a{box-shadow: 0px 0px   #00000070 ;padding-top: 0px;padding-bottom: 0px;padding-left: 0px;padding-right: 0px;margin-top:  !important;margin-bottom:  !important;overflow: visible;order: initial;border-color: inherit;flex-direction: column;align-items: center;justify-content: center;flex-wrap: nowrap;row-gap: 24px;column-gap: 24px;}@media only screen and (max-width: 976px) {.wp-block-uagb-container.uagb-is-root-container .uagb-block-c69c4fd1{width: 100%;}.wp-block-uagb-container.uagb-is-root-container.alignfull.uagb-block-c69c4fd1 > .uagb-container-inner-blocks-wrap{--inner-content-custom-width: min( 100%, 1024px);max-width: var(--inner-content-custom-width);width: 100%;flex-direction: column;align-items: flex-start;justify-content: flex-start;}.wp-block-uagb-container.uagb-block-c69c4fd1{padding-top: 64px;padding-bottom: 64px;padding-left: 32px;padding-right: 32px;margin-top:  !important;margin-bottom:  !important;order: initial;background-color: ;;}.wp-block-uagb-container.uagb-block-c69c4fd1.wp-block-uagb-container > *:not( .wp-block-uagb-column ):not( .wp-block-uagb-section ):not( .uagb-container__shape ):not( .uagb-container__video-wrap ):not( .uagb-slider-container ):not( .spectra-container-link-overlay ):not(.spectra-image-gallery__control-lightbox):not(.wp-block-uagb-lottie):not(.uagb-container-inner-blocks-wrap){width: 100%;}.wp-block-uagb-container.uagb-block-c69c4fd1.wp-block-uagb-container > .uagb-container-inner-blocks-wrap > *:not( .wp-block-uagb-column ):not( .wp-block-uagb-section ):not( .uagb-container__shape ):not( .uagb-container__video-wrap ):not( .uagb-slider-container ):not(.spectra-image-gallery__control-lightbox){width: 100%;}.wp-block-uagb-container.uagb-is-root-container .uagb-block-42dd7f6a{width: 100%;}.wp-block-uagb-container.uagb-is-root-container.alignfull.uagb-block-42dd7f6a > .uagb-container-inner-blocks-wrap{--inner-content-custom-width: min( 100%, 1024px);max-width: var(--inner-content-custom-width);width: 100%;}.wp-block-uagb-container.uagb-block-42dd7f6a{padding-top: 0px;padding-bottom: 0px;padding-left: 0px;padding-right: 0px;margin-top:  !important;margin-bottom:  !important;order: initial;}}@media only screen and (max-width: 767px) {.wp-block-uagb-container.uagb-is-root-container .uagb-block-c69c4fd1{max-width: 100%;width: 100%;}.wp-block-uagb-container.uagb-is-root-container.alignfull.uagb-block-c69c4fd1 > .uagb-container-inner-blocks-wrap{--inner-content-custom-width: min( 100%, 767px);max-width: var(--inner-content-custom-width);width: 100%;flex-direction: column;align-items: flex-start;justify-content: flex-start;flex-wrap: wrap;}.wp-block-uagb-container.uagb-block-c69c4fd1{padding-top: 56px;padding-bottom: 56px;padding-left: 24px;padding-right: 24px;margin-top:  !important;margin-bottom:  !important;order: initial;background-color: ;;}.wp-block-uagb-container.uagb-block-c69c4fd1.wp-block-uagb-container > *:not( .wp-block-uagb-column ):not( .wp-block-uagb-section ):not( .uagb-container__shape ):not( .uagb-container__video-wrap ):not( .uagb-slider-container ):not( .spectra-container-link-overlay ):not(.spectra-image-gallery__control-lightbox):not(.wp-block-uagb-lottie):not(.uagb-container-inner-blocks-wrap){width: 100%;}.wp-block-uagb-container.uagb-block-c69c4fd1.wp-block-uagb-container > .uagb-container-inner-blocks-wrap > *:not( .wp-block-uagb-column ):not( .wp-block-uagb-section ):not( .uagb-container__shape ):not( .uagb-container__video-wrap ):not( .uagb-slider-container ):not(.spectra-image-gallery__control-lightbox){width: 100%;}.wp-block-uagb-container.uagb-is-root-container .uagb-block-42dd7f6a{max-width: 100%;width: 100%;}.wp-block-uagb-container.uagb-is-root-container.alignfull.uagb-block-42dd7f6a > .uagb-container-inner-blocks-wrap{--inner-content-custom-width: min( 100%, 767px);max-width: var(--inner-content-custom-width);width: 100%;flex-wrap: wrap;}.wp-block-uagb-container.uagb-block-42dd7f6a{padding-top: 0px;padding-bottom: 0px;padding-left: 0px;padding-right: 0px;margin-top:  !important;margin-bottom:  !important;order: initial;flex-wrap: wrap;}}\";s:2:\"js\";s:0:\"\";s:18:\"current_block_list\";a:3:{i:0;s:14:\"uagb\/container\";i:2;s:9:\"core\/list\";i:3;s:14:\"core\/list-item\";}s:8:\"uag_flag\";b:1;s:11:\"uag_version\";s:10:\"1774509764\";s:6:\"gfonts\";a:0:{}s:10:\"gfonts_url\";s:0:\"\";s:12:\"gfonts_files\";a:0:{}s:14:\"uag_faq_layout\";b:0;}"]},"uagb_featured_image_src":{"full":["https:\/\/prudentus.fi\/wp-content\/uploads\/2025\/03\/prudentus_our_services2.webp",1600,780,false],"thumbnail":["https:\/\/prudentus.fi\/wp-content\/uploads\/2025\/03\/prudentus_our_services2-150x150.webp",150,150,true],"medium":["https:\/\/prudentus.fi\/wp-content\/uploads\/2025\/03\/prudentus_our_services2-300x146.webp",300,146,true],"medium_large":["https:\/\/prudentus.fi\/wp-content\/uploads\/2025\/03\/prudentus_our_services2-768x374.webp",768,374,true],"large":["https:\/\/prudentus.fi\/wp-content\/uploads\/2025\/03\/prudentus_our_services2-1024x499.webp",1024,499,true],"1536x1536":["https:\/\/prudentus.fi\/wp-content\/uploads\/2025\/03\/prudentus_our_services2-1536x749.webp",1536,749,true],"2048x2048":["https:\/\/prudentus.fi\/wp-content\/uploads\/2025\/03\/prudentus_our_services2.webp",1600,780,false],"trp-custom-language-flag":["https:\/\/prudentus.fi\/wp-content\/uploads\/2025\/03\/prudentus_our_services2.webp",18,9,false]},"uagb_author_info":{"display_name":"Miira Tirkkonen","author_link":"https:\/\/prudentus.fi\/fi\/author\/miira-tirkkonen\/"},"uagb_comment_info":0,"uagb_excerpt":"Find our client information documents below.","_links":{"self":[{"href":"https:\/\/prudentus.fi\/fi\/wp-json\/wp\/v2\/pages\/216","targetHints":{"allow":["GET"]}}],"collection":[{"href":"https:\/\/prudentus.fi\/fi\/wp-json\/wp\/v2\/pages"}],"about":[{"href":"https:\/\/prudentus.fi\/fi\/wp-json\/wp\/v2\/types\/page"}],"author":[{"embeddable":true,"href":"https:\/\/prudentus.fi\/fi\/wp-json\/wp\/v2\/users\/4"}],"replies":[{"embeddable":true,"href":"https:\/\/prudentus.fi\/fi\/wp-json\/wp\/v2\/comments?post=216"}],"version-history":[{"count":4,"href":"https:\/\/prudentus.fi\/fi\/wp-json\/wp\/v2\/pages\/216\/revisions"}],"predecessor-version":[{"id":295,"href":"https:\/\/prudentus.fi\/fi\/wp-json\/wp\/v2\/pages\/216\/revisions\/295"}],"wp:featuredmedia":[{"embeddable":true,"href":"https:\/\/prudentus.fi\/fi\/wp-json\/wp\/v2\/media\/237"}],"wp:attachment":[{"href":"https:\/\/prudentus.fi\/fi\/wp-json\/wp\/v2\/media?parent=216"}],"curies":[{"name":"wp","href":"https:\/\/api.w.org\/{rel}","templated":true}]}}